{"id":114,"date":"2020-04-08T18:47:12","date_gmt":"2020-04-08T18:47:12","guid":{"rendered":"http:\/\/graser-stb.de\/?page_id=114"},"modified":"2022-07-28T19:34:30","modified_gmt":"2022-07-28T19:34:30","slug":"unternehmen","status":"publish","type":"page","link":"https:\/\/graser-stb.de\/?page_id=114","title":{"rendered":"Unternehmen"},"content":{"rendered":"<p>[et_pb_section fb_built=&#8220;1&#8243; prev_background_color=&#8220;#ffffff&#8220; _builder_version=&#8220;4.4.2&#8243; background_image=&#8220;http:\/\/graser-stb.de\/wp-content\/uploads\/2020\/04\/segeln_01_graser.jpg&#8220; custom_margin=&#8220;0px|||0px|false|false&#8220; top_divider_style=&#8220;curve2&#8243; top_divider_height=&#8220;74px&#8220; animation_style=&#8220;slide&#8220;][et_pb_row _builder_version=&#8220;4.4.2&#8243; width=&#8220;100%&#8220; custom_padding=&#8220;98px||82px|||&#8220;][et_pb_column type=&#8220;4_4&#8243; _builder_version=&#8220;4.4.2&#8243;][et_pb_image src=&#8220;http:\/\/graser-stb.de\/wp-content\/uploads\/2020\/04\/Graser_Steuerberatung_Eltmann_Symbol_80px.png&#8220; align=&#8220;center&#8220; _builder_version=&#8220;4.4.2&#8243;][\/et_pb_image][et_pb_text _builder_version=&#8220;4.4.8&#8243; text_font=&#8220;Times New Roman|600|||||||&#8220; text_text_color=&#8220;#205c9b&#8220; text_font_size=&#8220;60px&#8220; background_layout=&#8220;dark&#8220; hover_enabled=&#8220;0&#8243; text_text_color_tablet=&#8220;&#8220; text_text_color_phone=&#8220;&#8220; text_text_color_last_edited=&#8220;on|desktop&#8220; text_font_size_tablet=&#8220;49px&#8220; text_font_size_phone=&#8220;32px&#8220; text_font_size_last_edited=&#8220;on|phone&#8220; text_line_height_tablet=&#8220;&#8220; text_line_height_phone=&#8220;2em&#8220; text_line_height_last_edited=&#8220;on|phone&#8220; text_text_shadow_style=&#8220;preset1&#8243; text_text_shadow_vertical_length=&#8220;0em&#8220; text_text_shadow_blur_strength=&#8220;0.45em&#8220; text_text_shadow_color=&#8220;#fefefe&#8220;]<\/p>\n<p style=\"text-align: center;\">Ein starkes Team<\/p>\n<p>[\/et_pb_text][et_pb_text _builder_version=&#8220;4.4.8&#8243; text_font=&#8220;Times New Roman|600|||||||&#8220; text_text_color=&#8220;#205c9b&#8220; text_font_size=&#8220;42px&#8220; hover_enabled=&#8220;0&#8243; text_font_size_tablet=&#8220;37px&#8220; text_font_size_phone=&#8220;27px&#8220; text_font_size_last_edited=&#8220;on|phone&#8220;]<\/p>\n<p style=\"text-align: center;\">&#8230; f\u00fcr Ihren Erfolg<\/p>\n<p>[\/et_pb_text][\/et_pb_column][\/et_pb_row][\/et_pb_section][et_pb_section fb_built=&#8220;1&#8243; _builder_version=&#8220;4.4.2&#8243; use_background_color_gradient=&#8220;on&#8220; background_color_gradient_start=&#8220;#fefefe&#8220; background_color_gradient_end=&#8220;#d0d9e7&#8243; custom_padding=&#8220;30px||28px|||&#8220; top_divider_height=&#8220;95px&#8220; animation_style=&#8220;zoom&#8220;][et_pb_row _builder_version=&#8220;4.4.2&#8243;][et_pb_column type=&#8220;4_4&#8243; _builder_version=&#8220;4.4.2&#8243;][et_pb_text _builder_version=&#8220;4.4.2&#8243; text_font=&#8220;|600|||||||&#8220; text_text_color=&#8220;#205c9b&#8220; text_font_size=&#8220;24px&#8220; text_orientation=&#8220;center&#8220; custom_margin=&#8220;||18px|||&#8220;]<\/p>\n<p>Erfahrung und Kompetenz<\/p>\n<p>[\/et_pb_text][et_pb_divider divider_position=&#8220;center&#8220; _builder_version=&#8220;4.4.2&#8243; width=&#8220;26%&#8220; module_alignment=&#8220;center&#8220; custom_margin=&#8220;||12px|||&#8220;][\/et_pb_divider][et_pb_text _builder_version=&#8220;4.4.2&#8243; text_font=&#8220;||||||||&#8220; text_text_color=&#8220;#205c9b&#8220; text_orientation=&#8220;center&#8220; width=&#8220;58%&#8220; module_alignment=&#8220;center&#8220;]<\/p>\n<p>Unsere Steuerkanzlei hat seit mehr als 25 Jahren ihren Standort<br \/>in Eltmann am Main\/Unterfranken.<\/p>\n<p>Zusammen mit 15 berufserfahrenen und langj\u00e4hrigen <br \/>Mitarbeiterinnen und Mitarbeitern bieten wir unseren <br \/>Mandanten langfristig eine umfassende Beratung in <br \/>steuerlichen und betriebswirtschaftlichen Fragen.<\/p>\n<p>Steueroptimale vorausschauende Gestaltungsberatung <br \/>ist unser Ziel.<\/p>\n<p>[\/et_pb_text][\/et_pb_column][\/et_pb_row][\/et_pb_section][et_pb_section fb_built=&#8220;1&#8243; _builder_version=&#8220;4.4.2&#8243; animation_style=&#8220;slide&#8220; animation_direction=&#8220;left&#8220; global_module=&#8220;105&#8243;][et_pb_row column_structure=&#8220;1_3,1_3,1_3&#8243; _builder_version=&#8220;4.4.2&#8243;][et_pb_column type=&#8220;1_3&#8243; _builder_version=&#8220;4.4.2&#8243;][et_pb_blurb title=&#8220;Steuerberatung&#8220; use_icon=&#8220;on&#8220; font_icon=&#8220;%%147%%&#8220; icon_color=&#8220;#fefefe&#8220; use_circle=&#8220;on&#8220; content_max_width=&#8220;350px&#8220; _builder_version=&#8220;4.4.2&#8243; header_font=&#8220;Abhaya Libre|600|||||||&#8220; header_text_color=&#8220;#205c9b&#8220; header_font_size=&#8220;30px&#8220; text_orientation=&#8220;center&#8220;]<\/p>\n<p style=\"text-align: center;\">Mit \u00fcber 25 Jahren Erfahrung und einem Team von 15 gut ausgebildeten Kr\u00e4ften sind wir Ihr professioneller Partner rund um die Steuererkl\u00e4rung. <\/p>\n<p>[\/et_pb_blurb][et_pb_button button_url=&#8220;http:\/\/graser-stb.de\/?page_id=119&#8243; button_text=&#8220;mehr erfahren&#8220; button_alignment=&#8220;center&#8220; _builder_version=&#8220;4.4.2&#8243; custom_button=&#8220;on&#8220; button_text_size=&#8220;15px&#8220; button_text_color=&#8220;#666666&#8243; button_bg_color=&#8220;#eaeaea&#8220; button_border_color=&#8220;rgba(0,0,0,0)&#8220;][\/et_pb_button][\/et_pb_column][et_pb_column type=&#8220;1_3&#8243; _builder_version=&#8220;4.4.2&#8243;][et_pb_blurb title=&#8220;Betriebswirtschaftliche Beratung&#8220; use_icon=&#8220;on&#8220; font_icon=&#8220;%%121%%&#8220; icon_color=&#8220;#fefefe&#8220; use_circle=&#8220;on&#8220; content_max_width=&#8220;350px&#8220; _builder_version=&#8220;4.4.2&#8243; header_font=&#8220;Abhaya Libre||||||||&#8220; header_text_color=&#8220;#205c9b&#8220; header_font_size=&#8220;30px&#8220; header_line_height=&#8220;1.3em&#8220; text_orientation=&#8220;center&#8220; custom_padding=&#8220;||0px|||&#8220;]<\/p>\n<p style=\"text-align: center;\">Ob Existenzgr\u00fcndung, Unternehmensanalyse, Bankverhandlungen, die Erstellung und Pr\u00fcfung von Kreditunterlagen oder die Rechtsformwahl.<\/p>\n<p>[\/et_pb_blurb][et_pb_button button_url=&#8220;http:\/\/graser-stb.de\/?page_id=128&#8243; button_text=&#8220;mehr erfahren&#8220; button_alignment=&#8220;center&#8220; _builder_version=&#8220;4.4.2&#8243; custom_button=&#8220;on&#8220; button_text_size=&#8220;15px&#8220; button_text_color=&#8220;#666666&#8243; button_bg_color=&#8220;#eaeaea&#8220; button_border_color=&#8220;rgba(0,0,0,0)&#8220;][\/et_pb_button][\/et_pb_column][et_pb_column type=&#8220;1_3&#8243; _builder_version=&#8220;4.4.2&#8243;][et_pb_blurb title=&#8220;Erbschafts- und Schenkungssteuerberatung&#8220; use_icon=&#8220;on&#8220; font_icon=&#8220;%%168%%&#8220; icon_color=&#8220;#fefefe&#8220; use_circle=&#8220;on&#8220; content_max_width=&#8220;350px&#8220; _builder_version=&#8220;4.4.2&#8243; header_level=&#8220;h1&#8243; header_font=&#8220;Abhaya Libre||||||||&#8220; header_text_color=&#8220;#205c9b&#8220; header_font_size=&#8220;30px&#8220; header_line_height=&#8220;1.3em&#8220; text_orientation=&#8220;center&#8220;]<\/p>\n<p style=\"text-align: center;\">Erbschaft- und Schenkungssteuer sowie die vorweggenommene Erbfolge und Schenkung sind Themen die gut druchdacht werden m\u00fcssen.<\/p>\n<p>[\/et_pb_blurb][et_pb_button button_url=&#8220;http:\/\/graser-stb.de\/?page_id=135&#8243; button_text=&#8220;mehr erfahren&#8220; button_alignment=&#8220;center&#8220; _builder_version=&#8220;4.4.2&#8243; custom_button=&#8220;on&#8220; button_text_size=&#8220;15px&#8220; button_text_color=&#8220;#666666&#8243; button_bg_color=&#8220;#eaeaea&#8220; button_border_color=&#8220;rgba(0,0,0,0)&#8220;][\/et_pb_button][\/et_pb_column][\/et_pb_row][\/et_pb_section]<\/p>\n","protected":false},"excerpt":{"rendered":"<p>Ein starkes Team&#8230; f\u00fcr Ihren ErfolgErfahrung und KompetenzUnsere Steuerkanzlei hat seit mehr als 25 Jahren ihren Standortin Eltmann am Main\/Unterfranken. Zusammen mit 15 berufserfahrenen und langj\u00e4hrigen Mitarbeiterinnen und Mitarbeitern bieten wir unseren Mandanten langfristig eine umfassende Beratung in steuerlichen und betriebswirtschaftlichen Fragen. Steueroptimale vorausschauende Gestaltungsberatung ist unser Ziel.Mit \u00fcber 25 Jahren Erfahrung und einem Team [&hellip;]<\/p>\n","protected":false},"author":1,"featured_media":0,"parent":0,"menu_order":0,"comment_status":"closed","ping_status":"closed","template":"","meta":{"_et_pb_use_builder":"on","_et_pb_old_content":"","_et_gb_content_width":""},"_links":{"self":[{"href":"https:\/\/graser-stb.de\/index.php?rest_route=\/wp\/v2\/pages\/114"}],"collection":[{"href":"https:\/\/graser-stb.de\/index.php?rest_route=\/wp\/v2\/pages"}],"about":[{"href":"https:\/\/graser-stb.de\/index.php?rest_route=\/wp\/v2\/types\/page"}],"author":[{"embeddable":true,"href":"https:\/\/graser-stb.de\/index.php?rest_route=\/wp\/v2\/users\/1"}],"replies":[{"embeddable":true,"href":"https:\/\/graser-stb.de\/index.php?rest_route=%2Fwp%2Fv2%2Fcomments&post=114"}],"version-history":[{"count":3,"href":"https:\/\/graser-stb.de\/index.php?rest_route=\/wp\/v2\/pages\/114\/revisions"}],"predecessor-version":[{"id":199,"href":"https:\/\/graser-stb.de\/index.php?rest_route=\/wp\/v2\/pages\/114\/revisions\/199"}],"wp:attachment":[{"href":"https:\/\/graser-stb.de\/index.php?rest_route=%2Fwp%2Fv2%2Fmedia&parent=114"}],"curies":[{"name":"wp","href":"https:\/\/api.w.org\/{rel}","templated":true}]}}